{"id":515,"date":"2020-04-22T20:56:13","date_gmt":"2020-04-22T18:56:13","guid":{"rendered":"https:\/\/zephyr.cz\/?page_id=515"},"modified":"2020-04-22T21:00:44","modified_gmt":"2020-04-22T19:00:44","slug":"welcome-to-zephyr","status":"publish","type":"page","link":"https:\/\/zephyr.cz\/en\/welcome-to-zephyr","title":{"rendered":"Welcome to Zephyr!"},"content":{"rendered":"<!-- grid -->\n<div class=\"grid\">\n  \n<div class=\"grid-col size-33 align-top\" id=\"grid-1\">\n<img loading=\"lazy\" decoding=\"async\" class=\"alignnone size-full wp-image-194\" src=\"https:\/\/zephyr.cz\/wp-content\/uploads\/2020\/03\/icon-help.svg\" alt=\"\" width=\"57\" height=\"64\" \/>\n<p>That&#8217;s why we are doing our job that really helps. It helps our clients achieve their goals &#8211; both business and personal.<\/p>\n<\/div>\n<div class=\"grid-col size-33 align-top\" id=\"grid-1\">\n<img loading=\"lazy\" decoding=\"async\" class=\"alignnone size-full wp-image-195\" src=\"https:\/\/zephyr.cz\/wp-content\/uploads\/2020\/03\/icon-tower.svg\" alt=\"\" width=\"64\" height=\"64\" \/>\n<p>We are where others cannot make it. We successfully implement expositions in Siberia, Tehran, Havana and other non-traditional cities and territories.<\/p>\n<\/div>\n<div class=\"grid-col size-33 align-top\" id=\"grid-1\">\n<img loading=\"lazy\" decoding=\"async\" class=\"alignnone size-full wp-image-193\" src=\"https:\/\/zephyr.cz\/wp-content\/uploads\/2020\/03\/icon-group.svg\" alt=\"\" width=\"64\" height=\"64\" \/>\n<p>We are a team of professionals, with a personal approach to each client: in the implementation of expositions including other services. We have key-ready solutions = full-service.<\/p>\n<\/div>\n\n<\/div>\n\n","protected":false},"excerpt":{"rendered":"<p>Work. Joy. Enthusiasm.<br \/>\nThis is what the realization of exhibition expositions for your company around the world means for us. Exhibition expositions based on experience and knowledge.<\/p>\n","protected":false},"author":2,"featured_media":0,"parent":0,"menu_order":35,"comment_status":"closed","ping_status":"closed","template":"about.php","meta":{"inline_featured_image":false,"footnotes":""},"class_list":["post-515","page","type-page","status-publish","hentry"],"yoast_head":"<!-- This site is optimized with the Yoast SEO plugin v24.0 - https:\/\/yoast.com\/wordpress\/plugins\/seo\/ -->\n<title>Welcome to Zephyr! - ZEPHYR, s.r.o.<\/title>\n<meta name=\"robots\" content=\"index, follow, max-snippet:-1, max-image-preview:large, max-video-preview:-1\" \/>\n<link rel=\"canonical\" href=\"https:\/\/zephyr.cz\/en\/welcome-to-zephyr\" \/>\n<meta property=\"og:locale\" content=\"en_US\" \/>\n<meta property=\"og:type\" content=\"article\" \/>\n<meta property=\"og:title\" content=\"Welcome to Zephyr! - ZEPHYR, s.r.o.\" \/>\n<meta property=\"og:description\" content=\"Work. Joy. Enthusiasm.  This is what the realization of exhibition expositions for your company around the world means for us. Exhibition expositions based on experience and knowledge.\" \/>\n<meta property=\"og:url\" content=\"https:\/\/zephyr.cz\/en\/welcome-to-zephyr\" \/>\n<meta property=\"og:site_name\" content=\"ZEPHYR, s.r.o.\" \/>\n<meta property=\"article:modified_time\" content=\"2020-04-22T19:00:44+00:00\" \/>\n<meta name=\"twitter:card\" content=\"summary_large_image\" \/>\n<script type=\"application\/ld+json\" class=\"yoast-schema-graph\">{\"@context\":\"https:\/\/schema.org\",\"@graph\":[{\"@type\":\"WebPage\",\"@id\":\"https:\/\/zephyr.cz\/en\/welcome-to-zephyr\",\"url\":\"https:\/\/zephyr.cz\/en\/welcome-to-zephyr\",\"name\":\"Welcome to Zephyr! - ZEPHYR, s.r.o.\",\"isPartOf\":{\"@id\":\"https:\/\/zephyr.cz\/#website\"},\"primaryImageOfPage\":{\"@id\":\"https:\/\/zephyr.cz\/en\/welcome-to-zephyr#primaryimage\"},\"image\":{\"@id\":\"https:\/\/zephyr.cz\/en\/welcome-to-zephyr#primaryimage\"},\"thumbnailUrl\":\"https:\/\/zephyr.cz\/wp-content\/uploads\/2020\/03\/icon-help.svg\",\"datePublished\":\"2020-04-22T18:56:13+00:00\",\"dateModified\":\"2020-04-22T19:00:44+00:00\",\"breadcrumb\":{\"@id\":\"https:\/\/zephyr.cz\/en\/welcome-to-zephyr#breadcrumb\"},\"inLanguage\":\"en-US\",\"potentialAction\":[{\"@type\":\"ReadAction\",\"target\":[\"https:\/\/zephyr.cz\/en\/welcome-to-zephyr\"]}]},{\"@type\":\"ImageObject\",\"inLanguage\":\"en-US\",\"@id\":\"https:\/\/zephyr.cz\/en\/welcome-to-zephyr#primaryimage\",\"url\":\"https:\/\/zephyr.cz\/wp-content\/uploads\/2020\/03\/icon-help.svg\",\"contentUrl\":\"https:\/\/zephyr.cz\/wp-content\/uploads\/2020\/03\/icon-help.svg\"},{\"@type\":\"BreadcrumbList\",\"@id\":\"https:\/\/zephyr.cz\/en\/welcome-to-zephyr#breadcrumb\",\"itemListElement\":[{\"@type\":\"ListItem\",\"position\":1,\"name\":\"Dom\u016f\",\"item\":\"https:\/\/zephyr.cz\/en\"},{\"@type\":\"ListItem\",\"position\":2,\"name\":\"Welcome to Zephyr!\"}]},{\"@type\":\"WebSite\",\"@id\":\"https:\/\/zephyr.cz\/#website\",\"url\":\"https:\/\/zephyr.cz\/\",\"name\":\"ZEPHYR, s.r.o.\",\"description\":\"Veletrhy, v\u00fdstavy, kongresy, konference, marketingov\u00e9 slu\u017eby.\",\"publisher\":{\"@id\":\"https:\/\/zephyr.cz\/#organization\"},\"potentialAction\":[{\"@type\":\"SearchAction\",\"target\":{\"@type\":\"EntryPoint\",\"urlTemplate\":\"https:\/\/zephyr.cz\/?s={search_term_string}\"},\"query-input\":{\"@type\":\"PropertyValueSpecification\",\"valueRequired\":true,\"valueName\":\"search_term_string\"}}],\"inLanguage\":\"en-US\"},{\"@type\":\"Organization\",\"@id\":\"https:\/\/zephyr.cz\/#organization\",\"name\":\"ZEPHYR, s.r.o.\",\"url\":\"https:\/\/zephyr.cz\/\",\"logo\":{\"@type\":\"ImageObject\",\"inLanguage\":\"en-US\",\"@id\":\"https:\/\/zephyr.cz\/#\/schema\/logo\/image\/\",\"url\":\"https:\/\/zephyr.cz\/wp-content\/uploads\/2020\/03\/placeholder.png\",\"contentUrl\":\"https:\/\/zephyr.cz\/wp-content\/uploads\/2020\/03\/placeholder.png\",\"width\":620,\"height\":700,\"caption\":\"ZEPHYR, s.r.o.\"},\"image\":{\"@id\":\"https:\/\/zephyr.cz\/#\/schema\/logo\/image\/\"}}]}<\/script>\n<!-- \/ Yoast SEO plugin. -->","yoast_head_json":{"title":"Welcome to Zephyr! - ZEPHYR, s.r.o.","robots":{"index":"index","follow":"follow","max-snippet":"max-snippet:-1","max-image-preview":"max-image-preview:large","max-video-preview":"max-video-preview:-1"},"canonical":"https:\/\/zephyr.cz\/en\/welcome-to-zephyr","og_locale":"en_US","og_type":"article","og_title":"Welcome to Zephyr! - ZEPHYR, s.r.o.","og_description":"Work. Joy. Enthusiasm.  This is what the realization of exhibition expositions for your company around the world means for us. Exhibition expositions based on experience and knowledge.","og_url":"https:\/\/zephyr.cz\/en\/welcome-to-zephyr","og_site_name":"ZEPHYR, s.r.o.","article_modified_time":"2020-04-22T19:00:44+00:00","twitter_card":"summary_large_image","schema":{"@context":"https:\/\/schema.org","@graph":[{"@type":"WebPage","@id":"https:\/\/zephyr.cz\/en\/welcome-to-zephyr","url":"https:\/\/zephyr.cz\/en\/welcome-to-zephyr","name":"Welcome to Zephyr! - ZEPHYR, s.r.o.","isPartOf":{"@id":"https:\/\/zephyr.cz\/#website"},"primaryImageOfPage":{"@id":"https:\/\/zephyr.cz\/en\/welcome-to-zephyr#primaryimage"},"image":{"@id":"https:\/\/zephyr.cz\/en\/welcome-to-zephyr#primaryimage"},"thumbnailUrl":"https:\/\/zephyr.cz\/wp-content\/uploads\/2020\/03\/icon-help.svg","datePublished":"2020-04-22T18:56:13+00:00","dateModified":"2020-04-22T19:00:44+00:00","breadcrumb":{"@id":"https:\/\/zephyr.cz\/en\/welcome-to-zephyr#breadcrumb"},"inLanguage":"en-US","potentialAction":[{"@type":"ReadAction","target":["https:\/\/zephyr.cz\/en\/welcome-to-zephyr"]}]},{"@type":"ImageObject","inLanguage":"en-US","@id":"https:\/\/zephyr.cz\/en\/welcome-to-zephyr#primaryimage","url":"https:\/\/zephyr.cz\/wp-content\/uploads\/2020\/03\/icon-help.svg","contentUrl":"https:\/\/zephyr.cz\/wp-content\/uploads\/2020\/03\/icon-help.svg"},{"@type":"BreadcrumbList","@id":"https:\/\/zephyr.cz\/en\/welcome-to-zephyr#breadcrumb","itemListElement":[{"@type":"ListItem","position":1,"name":"Dom\u016f","item":"https:\/\/zephyr.cz\/en"},{"@type":"ListItem","position":2,"name":"Welcome to Zephyr!"}]},{"@type":"WebSite","@id":"https:\/\/zephyr.cz\/#website","url":"https:\/\/zephyr.cz\/","name":"ZEPHYR, s.r.o.","description":"Veletrhy, v\u00fdstavy, kongresy, konference, marketingov\u00e9 slu\u017eby.","publisher":{"@id":"https:\/\/zephyr.cz\/#organization"},"potentialAction":[{"@type":"SearchAction","target":{"@type":"EntryPoint","urlTemplate":"https:\/\/zephyr.cz\/?s={search_term_string}"},"query-input":{"@type":"PropertyValueSpecification","valueRequired":true,"valueName":"search_term_string"}}],"inLanguage":"en-US"},{"@type":"Organization","@id":"https:\/\/zephyr.cz\/#organization","name":"ZEPHYR, s.r.o.","url":"https:\/\/zephyr.cz\/","logo":{"@type":"ImageObject","inLanguage":"en-US","@id":"https:\/\/zephyr.cz\/#\/schema\/logo\/image\/","url":"https:\/\/zephyr.cz\/wp-content\/uploads\/2020\/03\/placeholder.png","contentUrl":"https:\/\/zephyr.cz\/wp-content\/uploads\/2020\/03\/placeholder.png","width":620,"height":700,"caption":"ZEPHYR, s.r.o."},"image":{"@id":"https:\/\/zephyr.cz\/#\/schema\/logo\/image\/"}}]}},"_links":{"self":[{"href":"https:\/\/zephyr.cz\/en\/wp-json\/wp\/v2\/pages\/515","targetHints":{"allow":["GET"]}}],"collection":[{"href":"https:\/\/zephyr.cz\/en\/wp-json\/wp\/v2\/pages"}],"about":[{"href":"https:\/\/zephyr.cz\/en\/wp-json\/wp\/v2\/types\/page"}],"author":[{"embeddable":true,"href":"https:\/\/zephyr.cz\/en\/wp-json\/wp\/v2\/users\/2"}],"replies":[{"embeddable":true,"href":"https:\/\/zephyr.cz\/en\/wp-json\/wp\/v2\/comments?post=515"}],"version-history":[{"count":0,"href":"https:\/\/zephyr.cz\/en\/wp-json\/wp\/v2\/pages\/515\/revisions"}],"wp:attachment":[{"href":"https:\/\/zephyr.cz\/en\/wp-json\/wp\/v2\/media?parent=515"}],"curies":[{"name":"wp","href":"https:\/\/api.w.org\/{rel}","templated":true}]}}