{"id":514,"date":"2020-04-22T20:53:34","date_gmt":"2020-04-22T18:53:34","guid":{"rendered":"https:\/\/zephyr.cz\/?page_id=514"},"modified":"2020-04-22T20:53:34","modified_gmt":"2020-04-22T18:53:34","slug":"travel-service","status":"publish","type":"page","link":"https:\/\/zephyr.cz\/en\/services\/travel-service","title":{"rendered":"Travel Service"},"content":{"rendered":"","protected":false},"excerpt":{"rendered":"<p>We will provide travel service for the trade fair participation \u2013 visas, flights, accommodation, transfers, excursions round territories, etc.<\/p>\n","protected":false},"author":2,"featured_media":370,"parent":457,"menu_order":33,"comment_status":"closed","ping_status":"closed","template":"service.php","meta":{"inline_featured_image":false,"footnotes":""},"class_list":["post-514","page","type-page","status-publish","has-post-thumbnail","hentry"],"yoast_head":"<!-- This site is optimized with the Yoast SEO plugin v24.0 - https:\/\/yoast.com\/wordpress\/plugins\/seo\/ -->\n<title>Travel Service - ZEPHYR, s.r.o.<\/title>\n<meta name=\"robots\" content=\"index, follow, max-snippet:-1, max-image-preview:large, max-video-preview:-1\" \/>\n<link rel=\"canonical\" href=\"https:\/\/zephyr.cz\/en\/services\/travel-service\" \/>\n<meta property=\"og:locale\" content=\"en_US\" \/>\n<meta property=\"og:type\" content=\"article\" \/>\n<meta property=\"og:title\" content=\"Travel Service - ZEPHYR, s.r.o.\" \/>\n<meta property=\"og:description\" content=\"We will provide travel service for the trade fair participation \u2013 visas, flights, accommodation, transfers, excursions round territories, etc.\" \/>\n<meta property=\"og:url\" content=\"https:\/\/zephyr.cz\/en\/services\/travel-service\" \/>\n<meta property=\"og:site_name\" content=\"ZEPHYR, s.r.o.\" \/>\n<meta property=\"og:image\" content=\"https:\/\/zephyr.cz\/wp-content\/uploads\/2020\/03\/spec-cestovni_servis.jpg\" \/>\n\t<meta property=\"og:image:width\" content=\"890\" \/>\n\t<meta property=\"og:image:height\" content=\"888\" \/>\n\t<meta property=\"og:image:type\" content=\"image\/jpeg\" \/>\n<meta name=\"twitter:card\" content=\"summary_large_image\" \/>\n<script type=\"application\/ld+json\" class=\"yoast-schema-graph\">{\"@context\":\"https:\/\/schema.org\",\"@graph\":[{\"@type\":\"WebPage\",\"@id\":\"https:\/\/zephyr.cz\/en\/services\/travel-service\",\"url\":\"https:\/\/zephyr.cz\/en\/services\/travel-service\",\"name\":\"Travel Service - ZEPHYR, s.r.o.\",\"isPartOf\":{\"@id\":\"https:\/\/zephyr.cz\/#website\"},\"primaryImageOfPage\":{\"@id\":\"https:\/\/zephyr.cz\/en\/services\/travel-service#primaryimage\"},\"image\":{\"@id\":\"https:\/\/zephyr.cz\/en\/services\/travel-service#primaryimage\"},\"thumbnailUrl\":\"https:\/\/zephyr.cz\/wp-content\/uploads\/2020\/03\/spec-cestovni_servis.jpg\",\"datePublished\":\"2020-04-22T18:53:34+00:00\",\"dateModified\":\"2020-04-22T18:53:34+00:00\",\"breadcrumb\":{\"@id\":\"https:\/\/zephyr.cz\/en\/services\/travel-service#breadcrumb\"},\"inLanguage\":\"en-US\",\"potentialAction\":[{\"@type\":\"ReadAction\",\"target\":[\"https:\/\/zephyr.cz\/en\/services\/travel-service\"]}]},{\"@type\":\"ImageObject\",\"inLanguage\":\"en-US\",\"@id\":\"https:\/\/zephyr.cz\/en\/services\/travel-service#primaryimage\",\"url\":\"https:\/\/zephyr.cz\/wp-content\/uploads\/2020\/03\/spec-cestovni_servis.jpg\",\"contentUrl\":\"https:\/\/zephyr.cz\/wp-content\/uploads\/2020\/03\/spec-cestovni_servis.jpg\",\"width\":890,\"height\":888},{\"@type\":\"BreadcrumbList\",\"@id\":\"https:\/\/zephyr.cz\/en\/services\/travel-service#breadcrumb\",\"itemListElement\":[{\"@type\":\"ListItem\",\"position\":1,\"name\":\"Dom\u016f\",\"item\":\"https:\/\/zephyr.cz\/en\"},{\"@type\":\"ListItem\",\"position\":2,\"name\":\"Services\",\"item\":\"https:\/\/zephyr.cz\/en\/services\"},{\"@type\":\"ListItem\",\"position\":3,\"name\":\"Travel Service\"}]},{\"@type\":\"WebSite\",\"@id\":\"https:\/\/zephyr.cz\/#website\",\"url\":\"https:\/\/zephyr.cz\/\",\"name\":\"ZEPHYR, s.r.o.\",\"description\":\"Veletrhy, v\u00fdstavy, kongresy, konference, marketingov\u00e9 slu\u017eby.\",\"publisher\":{\"@id\":\"https:\/\/zephyr.cz\/#organization\"},\"potentialAction\":[{\"@type\":\"SearchAction\",\"target\":{\"@type\":\"EntryPoint\",\"urlTemplate\":\"https:\/\/zephyr.cz\/?s={search_term_string}\"},\"query-input\":{\"@type\":\"PropertyValueSpecification\",\"valueRequired\":true,\"valueName\":\"search_term_string\"}}],\"inLanguage\":\"en-US\"},{\"@type\":\"Organization\",\"@id\":\"https:\/\/zephyr.cz\/#organization\",\"name\":\"ZEPHYR, s.r.o.\",\"url\":\"https:\/\/zephyr.cz\/\",\"logo\":{\"@type\":\"ImageObject\",\"inLanguage\":\"en-US\",\"@id\":\"https:\/\/zephyr.cz\/#\/schema\/logo\/image\/\",\"url\":\"https:\/\/zephyr.cz\/wp-content\/uploads\/2020\/03\/placeholder.png\",\"contentUrl\":\"https:\/\/zephyr.cz\/wp-content\/uploads\/2020\/03\/placeholder.png\",\"width\":620,\"height\":700,\"caption\":\"ZEPHYR, s.r.o.\"},\"image\":{\"@id\":\"https:\/\/zephyr.cz\/#\/schema\/logo\/image\/\"}}]}<\/script>\n<!-- \/ Yoast SEO plugin. -->","yoast_head_json":{"title":"Travel Service - ZEPHYR, s.r.o.","robots":{"index":"index","follow":"follow","max-snippet":"max-snippet:-1","max-image-preview":"max-image-preview:large","max-video-preview":"max-video-preview:-1"},"canonical":"https:\/\/zephyr.cz\/en\/services\/travel-service","og_locale":"en_US","og_type":"article","og_title":"Travel Service - ZEPHYR, s.r.o.","og_description":"We will provide travel service for the trade fair participation \u2013 visas, flights, accommodation, transfers, excursions round territories, etc.","og_url":"https:\/\/zephyr.cz\/en\/services\/travel-service","og_site_name":"ZEPHYR, s.r.o.","og_image":[{"width":890,"height":888,"url":"https:\/\/zephyr.cz\/wp-content\/uploads\/2020\/03\/spec-cestovni_servis.jpg","type":"image\/jpeg"}],"twitter_card":"summary_large_image","schema":{"@context":"https:\/\/schema.org","@graph":[{"@type":"WebPage","@id":"https:\/\/zephyr.cz\/en\/services\/travel-service","url":"https:\/\/zephyr.cz\/en\/services\/travel-service","name":"Travel Service - ZEPHYR, s.r.o.","isPartOf":{"@id":"https:\/\/zephyr.cz\/#website"},"primaryImageOfPage":{"@id":"https:\/\/zephyr.cz\/en\/services\/travel-service#primaryimage"},"image":{"@id":"https:\/\/zephyr.cz\/en\/services\/travel-service#primaryimage"},"thumbnailUrl":"https:\/\/zephyr.cz\/wp-content\/uploads\/2020\/03\/spec-cestovni_servis.jpg","datePublished":"2020-04-22T18:53:34+00:00","dateModified":"2020-04-22T18:53:34+00:00","breadcrumb":{"@id":"https:\/\/zephyr.cz\/en\/services\/travel-service#breadcrumb"},"inLanguage":"en-US","potentialAction":[{"@type":"ReadAction","target":["https:\/\/zephyr.cz\/en\/services\/travel-service"]}]},{"@type":"ImageObject","inLanguage":"en-US","@id":"https:\/\/zephyr.cz\/en\/services\/travel-service#primaryimage","url":"https:\/\/zephyr.cz\/wp-content\/uploads\/2020\/03\/spec-cestovni_servis.jpg","contentUrl":"https:\/\/zephyr.cz\/wp-content\/uploads\/2020\/03\/spec-cestovni_servis.jpg","width":890,"height":888},{"@type":"BreadcrumbList","@id":"https:\/\/zephyr.cz\/en\/services\/travel-service#breadcrumb","itemListElement":[{"@type":"ListItem","position":1,"name":"Dom\u016f","item":"https:\/\/zephyr.cz\/en"},{"@type":"ListItem","position":2,"name":"Services","item":"https:\/\/zephyr.cz\/en\/services"},{"@type":"ListItem","position":3,"name":"Travel Service"}]},{"@type":"WebSite","@id":"https:\/\/zephyr.cz\/#website","url":"https:\/\/zephyr.cz\/","name":"ZEPHYR, s.r.o.","description":"Veletrhy, v\u00fdstavy, kongresy, konference, marketingov\u00e9 slu\u017eby.","publisher":{"@id":"https:\/\/zephyr.cz\/#organization"},"potentialAction":[{"@type":"SearchAction","target":{"@type":"EntryPoint","urlTemplate":"https:\/\/zephyr.cz\/?s={search_term_string}"},"query-input":{"@type":"PropertyValueSpecification","valueRequired":true,"valueName":"search_term_string"}}],"inLanguage":"en-US"},{"@type":"Organization","@id":"https:\/\/zephyr.cz\/#organization","name":"ZEPHYR, s.r.o.","url":"https:\/\/zephyr.cz\/","logo":{"@type":"ImageObject","inLanguage":"en-US","@id":"https:\/\/zephyr.cz\/#\/schema\/logo\/image\/","url":"https:\/\/zephyr.cz\/wp-content\/uploads\/2020\/03\/placeholder.png","contentUrl":"https:\/\/zephyr.cz\/wp-content\/uploads\/2020\/03\/placeholder.png","width":620,"height":700,"caption":"ZEPHYR, s.r.o."},"image":{"@id":"https:\/\/zephyr.cz\/#\/schema\/logo\/image\/"}}]}},"_links":{"self":[{"href":"https:\/\/zephyr.cz\/en\/wp-json\/wp\/v2\/pages\/514","targetHints":{"allow":["GET"]}}],"collection":[{"href":"https:\/\/zephyr.cz\/en\/wp-json\/wp\/v2\/pages"}],"about":[{"href":"https:\/\/zephyr.cz\/en\/wp-json\/wp\/v2\/types\/page"}],"author":[{"embeddable":true,"href":"https:\/\/zephyr.cz\/en\/wp-json\/wp\/v2\/users\/2"}],"replies":[{"embeddable":true,"href":"https:\/\/zephyr.cz\/en\/wp-json\/wp\/v2\/comments?post=514"}],"version-history":[{"count":0,"href":"https:\/\/zephyr.cz\/en\/wp-json\/wp\/v2\/pages\/514\/revisions"}],"up":[{"embeddable":true,"href":"https:\/\/zephyr.cz\/en\/wp-json\/wp\/v2\/pages\/457"}],"wp:featuredmedia":[{"embeddable":true,"href":"https:\/\/zephyr.cz\/en\/wp-json\/wp\/v2\/media\/370"}],"wp:attachment":[{"href":"https:\/\/zephyr.cz\/en\/wp-json\/wp\/v2\/media?parent=514"}],"curies":[{"name":"wp","href":"https:\/\/api.w.org\/{rel}","templated":true}]}}