{"id":513,"date":"2020-04-22T20:52:45","date_gmt":"2020-04-22T18:52:45","guid":{"rendered":"https:\/\/zephyr.cz\/?page_id=513"},"modified":"2020-04-22T20:52:45","modified_gmt":"2020-04-22T18:52:45","slug":"printed-materials-and-their-distribution","status":"publish","type":"page","link":"https:\/\/zephyr.cz\/en\/services\/printed-materials-and-their-distribution","title":{"rendered":"Printed Materials and Their Distribution"},"content":{"rendered":"","protected":false},"excerpt":{"rendered":"<p>We will prepare leaflets, posters, invitations, tickets, billboards, etc. and arrange their print and distribution \u2013 we create modern graphics, with an emphasis on content and ability to communicate. We will prepare attractive printing materials using the latest technology including their surface treatment.<\/p>\n","protected":false},"author":2,"featured_media":373,"parent":457,"menu_order":30,"comment_status":"closed","ping_status":"closed","template":"service.php","meta":{"inline_featured_image":false,"footnotes":""},"class_list":["post-513","page","type-page","status-publish","has-post-thumbnail","hentry"],"yoast_head":"<!-- This site is optimized with the Yoast SEO plugin v24.0 - https:\/\/yoast.com\/wordpress\/plugins\/seo\/ -->\n<title>Printed Materials and Their Distribution - ZEPHYR, s.r.o.<\/title>\n<meta name=\"robots\" content=\"index, follow, max-snippet:-1, max-image-preview:large, max-video-preview:-1\" \/>\n<link rel=\"canonical\" href=\"https:\/\/zephyr.cz\/en\/services\/printed-materials-and-their-distribution\" \/>\n<meta property=\"og:locale\" content=\"en_US\" \/>\n<meta property=\"og:type\" content=\"article\" \/>\n<meta property=\"og:title\" content=\"Printed Materials and Their Distribution - ZEPHYR, s.r.o.\" \/>\n<meta property=\"og:description\" content=\"We will prepare leaflets, posters, invitations, tickets, billboards, etc. and arrange their print and distribution \u2013 we create modern graphics, with an emphasis on content and ability to communicate. We will prepare attractive printing materials using the latest technology including their surface treatment.\" \/>\n<meta property=\"og:url\" content=\"https:\/\/zephyr.cz\/en\/services\/printed-materials-and-their-distribution\" \/>\n<meta property=\"og:site_name\" content=\"ZEPHYR, s.r.o.\" \/>\n<meta property=\"og:image\" content=\"https:\/\/zephyr.cz\/wp-content\/uploads\/2020\/03\/spec-tiskoviny_a_jejich_distribuce.jpg\" \/>\n\t<meta property=\"og:image:width\" content=\"890\" \/>\n\t<meta property=\"og:image:height\" content=\"889\" \/>\n\t<meta property=\"og:image:type\" content=\"image\/jpeg\" \/>\n<meta name=\"twitter:card\" content=\"summary_large_image\" \/>\n<script type=\"application\/ld+json\" class=\"yoast-schema-graph\">{\"@context\":\"https:\/\/schema.org\",\"@graph\":[{\"@type\":\"WebPage\",\"@id\":\"https:\/\/zephyr.cz\/en\/services\/printed-materials-and-their-distribution\",\"url\":\"https:\/\/zephyr.cz\/en\/services\/printed-materials-and-their-distribution\",\"name\":\"Printed Materials and Their Distribution - ZEPHYR, s.r.o.\",\"isPartOf\":{\"@id\":\"https:\/\/zephyr.cz\/#website\"},\"primaryImageOfPage\":{\"@id\":\"https:\/\/zephyr.cz\/en\/services\/printed-materials-and-their-distribution#primaryimage\"},\"image\":{\"@id\":\"https:\/\/zephyr.cz\/en\/services\/printed-materials-and-their-distribution#primaryimage\"},\"thumbnailUrl\":\"https:\/\/zephyr.cz\/wp-content\/uploads\/2020\/03\/spec-tiskoviny_a_jejich_distribuce.jpg\",\"datePublished\":\"2020-04-22T18:52:45+00:00\",\"dateModified\":\"2020-04-22T18:52:45+00:00\",\"breadcrumb\":{\"@id\":\"https:\/\/zephyr.cz\/en\/services\/printed-materials-and-their-distribution#breadcrumb\"},\"inLanguage\":\"en-US\",\"potentialAction\":[{\"@type\":\"ReadAction\",\"target\":[\"https:\/\/zephyr.cz\/en\/services\/printed-materials-and-their-distribution\"]}]},{\"@type\":\"ImageObject\",\"inLanguage\":\"en-US\",\"@id\":\"https:\/\/zephyr.cz\/en\/services\/printed-materials-and-their-distribution#primaryimage\",\"url\":\"https:\/\/zephyr.cz\/wp-content\/uploads\/2020\/03\/spec-tiskoviny_a_jejich_distribuce.jpg\",\"contentUrl\":\"https:\/\/zephyr.cz\/wp-content\/uploads\/2020\/03\/spec-tiskoviny_a_jejich_distribuce.jpg\",\"width\":890,\"height\":889},{\"@type\":\"BreadcrumbList\",\"@id\":\"https:\/\/zephyr.cz\/en\/services\/printed-materials-and-their-distribution#breadcrumb\",\"itemListElement\":[{\"@type\":\"ListItem\",\"position\":1,\"name\":\"Dom\u016f\",\"item\":\"https:\/\/zephyr.cz\/en\"},{\"@type\":\"ListItem\",\"position\":2,\"name\":\"Services\",\"item\":\"https:\/\/zephyr.cz\/en\/services\"},{\"@type\":\"ListItem\",\"position\":3,\"name\":\"Printed Materials and Their Distribution\"}]},{\"@type\":\"WebSite\",\"@id\":\"https:\/\/zephyr.cz\/#website\",\"url\":\"https:\/\/zephyr.cz\/\",\"name\":\"ZEPHYR, s.r.o.\",\"description\":\"Veletrhy, v\u00fdstavy, kongresy, konference, marketingov\u00e9 slu\u017eby.\",\"publisher\":{\"@id\":\"https:\/\/zephyr.cz\/#organization\"},\"potentialAction\":[{\"@type\":\"SearchAction\",\"target\":{\"@type\":\"EntryPoint\",\"urlTemplate\":\"https:\/\/zephyr.cz\/?s={search_term_string}\"},\"query-input\":{\"@type\":\"PropertyValueSpecification\",\"valueRequired\":true,\"valueName\":\"search_term_string\"}}],\"inLanguage\":\"en-US\"},{\"@type\":\"Organization\",\"@id\":\"https:\/\/zephyr.cz\/#organization\",\"name\":\"ZEPHYR, s.r.o.\",\"url\":\"https:\/\/zephyr.cz\/\",\"logo\":{\"@type\":\"ImageObject\",\"inLanguage\":\"en-US\",\"@id\":\"https:\/\/zephyr.cz\/#\/schema\/logo\/image\/\",\"url\":\"https:\/\/zephyr.cz\/wp-content\/uploads\/2020\/03\/placeholder.png\",\"contentUrl\":\"https:\/\/zephyr.cz\/wp-content\/uploads\/2020\/03\/placeholder.png\",\"width\":620,\"height\":700,\"caption\":\"ZEPHYR, s.r.o.\"},\"image\":{\"@id\":\"https:\/\/zephyr.cz\/#\/schema\/logo\/image\/\"}}]}<\/script>\n<!-- \/ Yoast SEO plugin. -->","yoast_head_json":{"title":"Printed Materials and Their Distribution - ZEPHYR, s.r.o.","robots":{"index":"index","follow":"follow","max-snippet":"max-snippet:-1","max-image-preview":"max-image-preview:large","max-video-preview":"max-video-preview:-1"},"canonical":"https:\/\/zephyr.cz\/en\/services\/printed-materials-and-their-distribution","og_locale":"en_US","og_type":"article","og_title":"Printed Materials and Their Distribution - ZEPHYR, s.r.o.","og_description":"We will prepare leaflets, posters, invitations, tickets, billboards, etc. and arrange their print and distribution \u2013 we create modern graphics, with an emphasis on content and ability to communicate. We will prepare attractive printing materials using the latest technology including their surface treatment.","og_url":"https:\/\/zephyr.cz\/en\/services\/printed-materials-and-their-distribution","og_site_name":"ZEPHYR, s.r.o.","og_image":[{"width":890,"height":889,"url":"https:\/\/zephyr.cz\/wp-content\/uploads\/2020\/03\/spec-tiskoviny_a_jejich_distribuce.jpg","type":"image\/jpeg"}],"twitter_card":"summary_large_image","schema":{"@context":"https:\/\/schema.org","@graph":[{"@type":"WebPage","@id":"https:\/\/zephyr.cz\/en\/services\/printed-materials-and-their-distribution","url":"https:\/\/zephyr.cz\/en\/services\/printed-materials-and-their-distribution","name":"Printed Materials and Their Distribution - ZEPHYR, s.r.o.","isPartOf":{"@id":"https:\/\/zephyr.cz\/#website"},"primaryImageOfPage":{"@id":"https:\/\/zephyr.cz\/en\/services\/printed-materials-and-their-distribution#primaryimage"},"image":{"@id":"https:\/\/zephyr.cz\/en\/services\/printed-materials-and-their-distribution#primaryimage"},"thumbnailUrl":"https:\/\/zephyr.cz\/wp-content\/uploads\/2020\/03\/spec-tiskoviny_a_jejich_distribuce.jpg","datePublished":"2020-04-22T18:52:45+00:00","dateModified":"2020-04-22T18:52:45+00:00","breadcrumb":{"@id":"https:\/\/zephyr.cz\/en\/services\/printed-materials-and-their-distribution#breadcrumb"},"inLanguage":"en-US","potentialAction":[{"@type":"ReadAction","target":["https:\/\/zephyr.cz\/en\/services\/printed-materials-and-their-distribution"]}]},{"@type":"ImageObject","inLanguage":"en-US","@id":"https:\/\/zephyr.cz\/en\/services\/printed-materials-and-their-distribution#primaryimage","url":"https:\/\/zephyr.cz\/wp-content\/uploads\/2020\/03\/spec-tiskoviny_a_jejich_distribuce.jpg","contentUrl":"https:\/\/zephyr.cz\/wp-content\/uploads\/2020\/03\/spec-tiskoviny_a_jejich_distribuce.jpg","width":890,"height":889},{"@type":"BreadcrumbList","@id":"https:\/\/zephyr.cz\/en\/services\/printed-materials-and-their-distribution#breadcrumb","itemListElement":[{"@type":"ListItem","position":1,"name":"Dom\u016f","item":"https:\/\/zephyr.cz\/en"},{"@type":"ListItem","position":2,"name":"Services","item":"https:\/\/zephyr.cz\/en\/services"},{"@type":"ListItem","position":3,"name":"Printed Materials and Their Distribution"}]},{"@type":"WebSite","@id":"https:\/\/zephyr.cz\/#website","url":"https:\/\/zephyr.cz\/","name":"ZEPHYR, s.r.o.","description":"Veletrhy, v\u00fdstavy, kongresy, konference, marketingov\u00e9 slu\u017eby.","publisher":{"@id":"https:\/\/zephyr.cz\/#organization"},"potentialAction":[{"@type":"SearchAction","target":{"@type":"EntryPoint","urlTemplate":"https:\/\/zephyr.cz\/?s={search_term_string}"},"query-input":{"@type":"PropertyValueSpecification","valueRequired":true,"valueName":"search_term_string"}}],"inLanguage":"en-US"},{"@type":"Organization","@id":"https:\/\/zephyr.cz\/#organization","name":"ZEPHYR, s.r.o.","url":"https:\/\/zephyr.cz\/","logo":{"@type":"ImageObject","inLanguage":"en-US","@id":"https:\/\/zephyr.cz\/#\/schema\/logo\/image\/","url":"https:\/\/zephyr.cz\/wp-content\/uploads\/2020\/03\/placeholder.png","contentUrl":"https:\/\/zephyr.cz\/wp-content\/uploads\/2020\/03\/placeholder.png","width":620,"height":700,"caption":"ZEPHYR, s.r.o."},"image":{"@id":"https:\/\/zephyr.cz\/#\/schema\/logo\/image\/"}}]}},"_links":{"self":[{"href":"https:\/\/zephyr.cz\/en\/wp-json\/wp\/v2\/pages\/513","targetHints":{"allow":["GET"]}}],"collection":[{"href":"https:\/\/zephyr.cz\/en\/wp-json\/wp\/v2\/pages"}],"about":[{"href":"https:\/\/zephyr.cz\/en\/wp-json\/wp\/v2\/types\/page"}],"author":[{"embeddable":true,"href":"https:\/\/zephyr.cz\/en\/wp-json\/wp\/v2\/users\/2"}],"replies":[{"embeddable":true,"href":"https:\/\/zephyr.cz\/en\/wp-json\/wp\/v2\/comments?post=513"}],"version-history":[{"count":0,"href":"https:\/\/zephyr.cz\/en\/wp-json\/wp\/v2\/pages\/513\/revisions"}],"up":[{"embeddable":true,"href":"https:\/\/zephyr.cz\/en\/wp-json\/wp\/v2\/pages\/457"}],"wp:featuredmedia":[{"embeddable":true,"href":"https:\/\/zephyr.cz\/en\/wp-json\/wp\/v2\/media\/373"}],"wp:attachment":[{"href":"https:\/\/zephyr.cz\/en\/wp-json\/wp\/v2\/media?parent=513"}],"curies":[{"name":"wp","href":"https:\/\/api.w.org\/{rel}","templated":true}]}}