{"id":457,"date":"2020-04-21T14:08:05","date_gmt":"2020-04-21T12:08:05","guid":{"rendered":"https:\/\/zephyr.cz\/?page_id=457"},"modified":"2020-04-23T10:12:27","modified_gmt":"2020-04-23T08:12:27","slug":"services","status":"publish","type":"page","link":"https:\/\/zephyr.cz\/en\/services","title":{"rendered":"Services"},"content":{"rendered":"<!-- grid -->\n<div class=\"grid\">\n  \n<div class=\"grid-col size-33 align-top\" id=\"grid-1\">\n<h3 class=\"like-h4\">Exposition<\/h3>\n<ul>\n<li>Communication with the trade fair administration<\/li>\n<li>Rental of exhibition space<\/li>\n<li>3D architectural design<\/li>\n<li>Equipment<\/li>\n<li>Technical inlets<\/li>\n<li>Exposition installation and dismantling<\/li>\n<\/ul>\n<\/div>\n<div class=\"grid-col size-33 align-top\" id=\"grid-1\">\n<h3 class=\"like-h4\">Graphics<\/h3>\n<ul>\n<li>Editing and creating of print data<\/li>\n<li>Large-scale printing on various materials<\/li>\n<li>Banners<\/li>\n<li>Posters<\/li>\n<li>3D and 2D custom production<\/li>\n<li>Promotional materials<\/li>\n<li>Cut graphics<\/li>\n<\/ul>\n<\/div>\n<div class=\"grid-col size-33 align-top\" id=\"grid-1\">\n<h3 class=\"like-h4\">Additional Services<\/h3>\n<ul>\n<li>Shipping<\/li>\n<li>Visa<\/li>\n<li>Flight tickets<\/li>\n<li>Transfers<\/li>\n<li>Accommodation<\/li>\n<li>Hostesses<\/li>\n<li>Interpreters<\/li>\n<li>Catering<\/li>\n<li>Press conferences<\/li>\n<li>Banquets<\/li>\n<\/ul>\n<\/div>\n\n<\/div>\n\n","protected":false},"excerpt":{"rendered":"<p>We provide our clients with complete exhibition and personal services in the Czech Republic and abroad<\/p>\n","protected":false},"author":2,"featured_media":0,"parent":0,"menu_order":20,"comment_status":"closed","ping_status":"closed","template":"services.php","meta":{"inline_featured_image":false,"footnotes":""},"class_list":["post-457","page","type-page","status-publish","hentry"],"yoast_head":"<!-- This site is optimized with the Yoast SEO plugin v24.0 - https:\/\/yoast.com\/wordpress\/plugins\/seo\/ -->\n<title>Services - ZEPHYR, s.r.o.<\/title>\n<meta name=\"robots\" content=\"index, follow, max-snippet:-1, max-image-preview:large, max-video-preview:-1\" \/>\n<link rel=\"canonical\" href=\"https:\/\/zephyr.cz\/en\/services\" \/>\n<meta property=\"og:locale\" content=\"en_US\" \/>\n<meta property=\"og:type\" content=\"article\" \/>\n<meta property=\"og:title\" content=\"Services - ZEPHYR, s.r.o.\" \/>\n<meta property=\"og:description\" content=\"We provide our clients with complete exhibition and personal services in the Czech Republic and abroad\" \/>\n<meta property=\"og:url\" content=\"https:\/\/zephyr.cz\/en\/services\" \/>\n<meta property=\"og:site_name\" content=\"ZEPHYR, s.r.o.\" \/>\n<meta property=\"article:modified_time\" content=\"2020-04-23T08:12:27+00:00\" \/>\n<meta name=\"twitter:card\" content=\"summary_large_image\" \/>\n<script type=\"application\/ld+json\" class=\"yoast-schema-graph\">{\"@context\":\"https:\/\/schema.org\",\"@graph\":[{\"@type\":\"WebPage\",\"@id\":\"https:\/\/zephyr.cz\/en\/services\",\"url\":\"https:\/\/zephyr.cz\/en\/services\",\"name\":\"Services - ZEPHYR, s.r.o.\",\"isPartOf\":{\"@id\":\"https:\/\/zephyr.cz\/#website\"},\"datePublished\":\"2020-04-21T12:08:05+00:00\",\"dateModified\":\"2020-04-23T08:12:27+00:00\",\"breadcrumb\":{\"@id\":\"https:\/\/zephyr.cz\/en\/services#breadcrumb\"},\"inLanguage\":\"en-US\",\"potentialAction\":[{\"@type\":\"ReadAction\",\"target\":[\"https:\/\/zephyr.cz\/en\/services\"]}]},{\"@type\":\"BreadcrumbList\",\"@id\":\"https:\/\/zephyr.cz\/en\/services#breadcrumb\",\"itemListElement\":[{\"@type\":\"ListItem\",\"position\":1,\"name\":\"Dom\u016f\",\"item\":\"https:\/\/zephyr.cz\/en\"},{\"@type\":\"ListItem\",\"position\":2,\"name\":\"Services\"}]},{\"@type\":\"WebSite\",\"@id\":\"https:\/\/zephyr.cz\/#website\",\"url\":\"https:\/\/zephyr.cz\/\",\"name\":\"ZEPHYR, s.r.o.\",\"description\":\"Veletrhy, v\u00fdstavy, kongresy, konference, marketingov\u00e9 slu\u017eby.\",\"publisher\":{\"@id\":\"https:\/\/zephyr.cz\/#organization\"},\"potentialAction\":[{\"@type\":\"SearchAction\",\"target\":{\"@type\":\"EntryPoint\",\"urlTemplate\":\"https:\/\/zephyr.cz\/?s={search_term_string}\"},\"query-input\":{\"@type\":\"PropertyValueSpecification\",\"valueRequired\":true,\"valueName\":\"search_term_string\"}}],\"inLanguage\":\"en-US\"},{\"@type\":\"Organization\",\"@id\":\"https:\/\/zephyr.cz\/#organization\",\"name\":\"ZEPHYR, s.r.o.\",\"url\":\"https:\/\/zephyr.cz\/\",\"logo\":{\"@type\":\"ImageObject\",\"inLanguage\":\"en-US\",\"@id\":\"https:\/\/zephyr.cz\/#\/schema\/logo\/image\/\",\"url\":\"https:\/\/zephyr.cz\/wp-content\/uploads\/2020\/03\/placeholder.png\",\"contentUrl\":\"https:\/\/zephyr.cz\/wp-content\/uploads\/2020\/03\/placeholder.png\",\"width\":620,\"height\":700,\"caption\":\"ZEPHYR, s.r.o.\"},\"image\":{\"@id\":\"https:\/\/zephyr.cz\/#\/schema\/logo\/image\/\"}}]}<\/script>\n<!-- \/ Yoast SEO plugin. -->","yoast_head_json":{"title":"Services - ZEPHYR, s.r.o.","robots":{"index":"index","follow":"follow","max-snippet":"max-snippet:-1","max-image-preview":"max-image-preview:large","max-video-preview":"max-video-preview:-1"},"canonical":"https:\/\/zephyr.cz\/en\/services","og_locale":"en_US","og_type":"article","og_title":"Services - ZEPHYR, s.r.o.","og_description":"We provide our clients with complete exhibition and personal services in the Czech Republic and abroad","og_url":"https:\/\/zephyr.cz\/en\/services","og_site_name":"ZEPHYR, s.r.o.","article_modified_time":"2020-04-23T08:12:27+00:00","twitter_card":"summary_large_image","schema":{"@context":"https:\/\/schema.org","@graph":[{"@type":"WebPage","@id":"https:\/\/zephyr.cz\/en\/services","url":"https:\/\/zephyr.cz\/en\/services","name":"Services - ZEPHYR, s.r.o.","isPartOf":{"@id":"https:\/\/zephyr.cz\/#website"},"datePublished":"2020-04-21T12:08:05+00:00","dateModified":"2020-04-23T08:12:27+00:00","breadcrumb":{"@id":"https:\/\/zephyr.cz\/en\/services#breadcrumb"},"inLanguage":"en-US","potentialAction":[{"@type":"ReadAction","target":["https:\/\/zephyr.cz\/en\/services"]}]},{"@type":"BreadcrumbList","@id":"https:\/\/zephyr.cz\/en\/services#breadcrumb","itemListElement":[{"@type":"ListItem","position":1,"name":"Dom\u016f","item":"https:\/\/zephyr.cz\/en"},{"@type":"ListItem","position":2,"name":"Services"}]},{"@type":"WebSite","@id":"https:\/\/zephyr.cz\/#website","url":"https:\/\/zephyr.cz\/","name":"ZEPHYR, s.r.o.","description":"Veletrhy, v\u00fdstavy, kongresy, konference, marketingov\u00e9 slu\u017eby.","publisher":{"@id":"https:\/\/zephyr.cz\/#organization"},"potentialAction":[{"@type":"SearchAction","target":{"@type":"EntryPoint","urlTemplate":"https:\/\/zephyr.cz\/?s={search_term_string}"},"query-input":{"@type":"PropertyValueSpecification","valueRequired":true,"valueName":"search_term_string"}}],"inLanguage":"en-US"},{"@type":"Organization","@id":"https:\/\/zephyr.cz\/#organization","name":"ZEPHYR, s.r.o.","url":"https:\/\/zephyr.cz\/","logo":{"@type":"ImageObject","inLanguage":"en-US","@id":"https:\/\/zephyr.cz\/#\/schema\/logo\/image\/","url":"https:\/\/zephyr.cz\/wp-content\/uploads\/2020\/03\/placeholder.png","contentUrl":"https:\/\/zephyr.cz\/wp-content\/uploads\/2020\/03\/placeholder.png","width":620,"height":700,"caption":"ZEPHYR, s.r.o."},"image":{"@id":"https:\/\/zephyr.cz\/#\/schema\/logo\/image\/"}}]}},"_links":{"self":[{"href":"https:\/\/zephyr.cz\/en\/wp-json\/wp\/v2\/pages\/457","targetHints":{"allow":["GET"]}}],"collection":[{"href":"https:\/\/zephyr.cz\/en\/wp-json\/wp\/v2\/pages"}],"about":[{"href":"https:\/\/zephyr.cz\/en\/wp-json\/wp\/v2\/types\/page"}],"author":[{"embeddable":true,"href":"https:\/\/zephyr.cz\/en\/wp-json\/wp\/v2\/users\/2"}],"replies":[{"embeddable":true,"href":"https:\/\/zephyr.cz\/en\/wp-json\/wp\/v2\/comments?post=457"}],"version-history":[{"count":0,"href":"https:\/\/zephyr.cz\/en\/wp-json\/wp\/v2\/pages\/457\/revisions"}],"wp:attachment":[{"href":"https:\/\/zephyr.cz\/en\/wp-json\/wp\/v2\/media?parent=457"}],"curies":[{"name":"wp","href":"https:\/\/api.w.org\/{rel}","templated":true}]}}