{"id":447,"date":"2020-04-21T13:14:13","date_gmt":"2020-04-21T11:14:13","guid":{"rendered":"https:\/\/zephyr.cz\/?page_id=447"},"modified":"2020-05-04T13:02:02","modified_gmt":"2020-05-04T11:02:02","slug":"gdpr","status":"publish","type":"page","link":"https:\/\/zephyr.cz\/en\/gdpr","title":{"rendered":"GDPR"},"content":{"rendered":"<p>In accordance with Act No. 101\/2000 Coll., As amended (the Act on Personal Data Protection and on Amendments to Certain Acts, hereinafter referred to as the \u201cAct\u201d), I agree to the processing of personal data by the administrator ZEPHYR, s.r.o. (hereinafter also referred to as the &#8220;administrator&#8221;), or its employees.<\/p>\n<h3>PURPOSE OF PROCESSING<\/h3>\n<p><strong>We collect your personal data for the following purposes:<\/strong><\/p>\n<ul>\n<li><strong>Evidence of data from the contact form<\/strong><br \/>\nIn order for us to process the contact and contact you back,<\/li>\n<li><strong>Data required for registration<\/strong><br \/>\nThe Supplier requires from the Client only those personal data which the Supplier is obliged to record in accordance with the valid legal regulations, and those which are necessary for the identification of the Client and for the subject of performance of the Work.<\/li>\n<\/ul>\n<h4>MORE INFORMATION<\/h4>\n<ul>\n<li>You give your consent for a maximum period of 10 years from the date of its granting.<\/li>\n<li>You can withdraw your consent at any time, just write from the e-mail you have registered with us and we will delete all data that we store about you.<\/li>\n<li>Personal data means the data contained in the order and contact form.<\/li>\n<\/ul>\n<p><em>The controller declares that it will collect personal data to the extent necessary to fulfill the specified purpose and process them only in accordance with the purpose for which they were collected. Employees of the controller or other natural persons who process personal data on the basis of a contract with the controller and other persons are obliged to maintain the confidentiality of personal data, even after the termination of employment or work.<\/em><\/p>\n<h3>COOKIES<\/h3>\n<p><strong>We use the following types of cookies on our website:<\/strong><\/p>\n<ul>\n<li><strong>Technical \/ system &#8211; first pages, short-term<\/strong><br \/>\nThey ensure the basic technical functionality of the website, ie logging in, remembering settings, using services, etc.<\/li>\n<li><strong>Statistical and diagnostic &#8211; first pages, long-term<\/strong><br \/>\nThey are used to generate anonymous statistics about web usage.<br \/>\nFor example, our example is Google Analytics (web traffic)<\/li>\n<\/ul>\n<p><strong>Important:<\/strong> We never place sensitive or personal data in cookies. None of the cookies created by us leads to individual identification of the user \/ reader, the collected data are anonymous.<br \/>\n<strong>If you do not want to use cookies:<\/strong> Consent to the placement of cookies is voluntary. If you wish, you can block some or all cookies or delete cookies that have already been set.<\/p>\n<p>You can find all the details regarding the management of cookies and the possibilities of blocking them in various types of web browsers, for example, at www.aboutcookies.org.<\/p>\n","protected":false},"excerpt":{"rendered":"<p>In accordance with Act No. 101\/2000 Coll., As amended (the Act on Personal Data Protection and on Amendments to Certain Acts, hereinafter referred to as the \u201cAct\u201d), I agree to the processing of personal data by the administrator ZEPHYR, s.r.o. (hereinafter also referred to as the &#8220;administrator&#8221;), or its employees. PURPOSE OF PROCESSING We collect [&hellip;]<\/p>\n","protected":false},"author":2,"featured_media":0,"parent":0,"menu_order":2,"comment_status":"closed","ping_status":"closed","template":"","meta":{"inline_featured_image":false,"footnotes":""},"class_list":["post-447","page","type-page","status-publish","hentry"],"yoast_head":"<!-- This site is optimized with the Yoast SEO plugin v24.0 - https:\/\/yoast.com\/wordpress\/plugins\/seo\/ -->\n<title>GDPR - ZEPHYR, s.r.o.<\/title>\n<meta name=\"robots\" content=\"index, follow, max-snippet:-1, max-image-preview:large, max-video-preview:-1\" \/>\n<link rel=\"canonical\" href=\"https:\/\/zephyr.cz\/en\/gdpr\" \/>\n<meta property=\"og:locale\" content=\"en_US\" \/>\n<meta property=\"og:type\" content=\"article\" \/>\n<meta property=\"og:title\" content=\"GDPR - ZEPHYR, s.r.o.\" \/>\n<meta property=\"og:description\" content=\"In accordance with Act No. 101\/2000 Coll., As amended (the Act on Personal Data Protection and on Amendments to Certain Acts, hereinafter referred to as the \u201cAct\u201d), I agree to the processing of personal data by the administrator ZEPHYR, s.r.o. (hereinafter also referred to as the &#8220;administrator&#8221;), or its employees. PURPOSE OF PROCESSING We collect [&hellip;]\" \/>\n<meta property=\"og:url\" content=\"https:\/\/zephyr.cz\/en\/gdpr\" \/>\n<meta property=\"og:site_name\" content=\"ZEPHYR, s.r.o.\" \/>\n<meta property=\"article:modified_time\" content=\"2020-05-04T11:02:02+00:00\" \/>\n<meta name=\"twitter:card\" content=\"summary_large_image\" \/>\n<meta name=\"twitter:label1\" content=\"Est. reading time\" \/>\n\t<meta name=\"twitter:data1\" content=\"2 minutes\" \/>\n<script type=\"application\/ld+json\" class=\"yoast-schema-graph\">{\"@context\":\"https:\/\/schema.org\",\"@graph\":[{\"@type\":\"WebPage\",\"@id\":\"https:\/\/zephyr.cz\/en\/gdpr\",\"url\":\"https:\/\/zephyr.cz\/en\/gdpr\",\"name\":\"GDPR - ZEPHYR, s.r.o.\",\"isPartOf\":{\"@id\":\"https:\/\/zephyr.cz\/#website\"},\"datePublished\":\"2020-04-21T11:14:13+00:00\",\"dateModified\":\"2020-05-04T11:02:02+00:00\",\"breadcrumb\":{\"@id\":\"https:\/\/zephyr.cz\/en\/gdpr#breadcrumb\"},\"inLanguage\":\"en-US\",\"potentialAction\":[{\"@type\":\"ReadAction\",\"target\":[\"https:\/\/zephyr.cz\/en\/gdpr\"]}]},{\"@type\":\"BreadcrumbList\",\"@id\":\"https:\/\/zephyr.cz\/en\/gdpr#breadcrumb\",\"itemListElement\":[{\"@type\":\"ListItem\",\"position\":1,\"name\":\"Dom\u016f\",\"item\":\"https:\/\/zephyr.cz\/en\"},{\"@type\":\"ListItem\",\"position\":2,\"name\":\"GDPR\"}]},{\"@type\":\"WebSite\",\"@id\":\"https:\/\/zephyr.cz\/#website\",\"url\":\"https:\/\/zephyr.cz\/\",\"name\":\"ZEPHYR, s.r.o.\",\"description\":\"Veletrhy, v\u00fdstavy, kongresy, konference, marketingov\u00e9 slu\u017eby.\",\"publisher\":{\"@id\":\"https:\/\/zephyr.cz\/#organization\"},\"potentialAction\":[{\"@type\":\"SearchAction\",\"target\":{\"@type\":\"EntryPoint\",\"urlTemplate\":\"https:\/\/zephyr.cz\/?s={search_term_string}\"},\"query-input\":{\"@type\":\"PropertyValueSpecification\",\"valueRequired\":true,\"valueName\":\"search_term_string\"}}],\"inLanguage\":\"en-US\"},{\"@type\":\"Organization\",\"@id\":\"https:\/\/zephyr.cz\/#organization\",\"name\":\"ZEPHYR, s.r.o.\",\"url\":\"https:\/\/zephyr.cz\/\",\"logo\":{\"@type\":\"ImageObject\",\"inLanguage\":\"en-US\",\"@id\":\"https:\/\/zephyr.cz\/#\/schema\/logo\/image\/\",\"url\":\"https:\/\/zephyr.cz\/wp-content\/uploads\/2020\/03\/placeholder.png\",\"contentUrl\":\"https:\/\/zephyr.cz\/wp-content\/uploads\/2020\/03\/placeholder.png\",\"width\":620,\"height\":700,\"caption\":\"ZEPHYR, s.r.o.\"},\"image\":{\"@id\":\"https:\/\/zephyr.cz\/#\/schema\/logo\/image\/\"}}]}<\/script>\n<!-- \/ Yoast SEO plugin. -->","yoast_head_json":{"title":"GDPR - ZEPHYR, s.r.o.","robots":{"index":"index","follow":"follow","max-snippet":"max-snippet:-1","max-image-preview":"max-image-preview:large","max-video-preview":"max-video-preview:-1"},"canonical":"https:\/\/zephyr.cz\/en\/gdpr","og_locale":"en_US","og_type":"article","og_title":"GDPR - ZEPHYR, s.r.o.","og_description":"In accordance with Act No. 101\/2000 Coll., As amended (the Act on Personal Data Protection and on Amendments to Certain Acts, hereinafter referred to as the \u201cAct\u201d), I agree to the processing of personal data by the administrator ZEPHYR, s.r.o. (hereinafter also referred to as the &#8220;administrator&#8221;), or its employees. PURPOSE OF PROCESSING We collect [&hellip;]","og_url":"https:\/\/zephyr.cz\/en\/gdpr","og_site_name":"ZEPHYR, s.r.o.","article_modified_time":"2020-05-04T11:02:02+00:00","twitter_card":"summary_large_image","twitter_misc":{"Est. reading time":"2 minutes"},"schema":{"@context":"https:\/\/schema.org","@graph":[{"@type":"WebPage","@id":"https:\/\/zephyr.cz\/en\/gdpr","url":"https:\/\/zephyr.cz\/en\/gdpr","name":"GDPR - ZEPHYR, s.r.o.","isPartOf":{"@id":"https:\/\/zephyr.cz\/#website"},"datePublished":"2020-04-21T11:14:13+00:00","dateModified":"2020-05-04T11:02:02+00:00","breadcrumb":{"@id":"https:\/\/zephyr.cz\/en\/gdpr#breadcrumb"},"inLanguage":"en-US","potentialAction":[{"@type":"ReadAction","target":["https:\/\/zephyr.cz\/en\/gdpr"]}]},{"@type":"BreadcrumbList","@id":"https:\/\/zephyr.cz\/en\/gdpr#breadcrumb","itemListElement":[{"@type":"ListItem","position":1,"name":"Dom\u016f","item":"https:\/\/zephyr.cz\/en"},{"@type":"ListItem","position":2,"name":"GDPR"}]},{"@type":"WebSite","@id":"https:\/\/zephyr.cz\/#website","url":"https:\/\/zephyr.cz\/","name":"ZEPHYR, s.r.o.","description":"Veletrhy, v\u00fdstavy, kongresy, konference, marketingov\u00e9 slu\u017eby.","publisher":{"@id":"https:\/\/zephyr.cz\/#organization"},"potentialAction":[{"@type":"SearchAction","target":{"@type":"EntryPoint","urlTemplate":"https:\/\/zephyr.cz\/?s={search_term_string}"},"query-input":{"@type":"PropertyValueSpecification","valueRequired":true,"valueName":"search_term_string"}}],"inLanguage":"en-US"},{"@type":"Organization","@id":"https:\/\/zephyr.cz\/#organization","name":"ZEPHYR, s.r.o.","url":"https:\/\/zephyr.cz\/","logo":{"@type":"ImageObject","inLanguage":"en-US","@id":"https:\/\/zephyr.cz\/#\/schema\/logo\/image\/","url":"https:\/\/zephyr.cz\/wp-content\/uploads\/2020\/03\/placeholder.png","contentUrl":"https:\/\/zephyr.cz\/wp-content\/uploads\/2020\/03\/placeholder.png","width":620,"height":700,"caption":"ZEPHYR, s.r.o."},"image":{"@id":"https:\/\/zephyr.cz\/#\/schema\/logo\/image\/"}}]}},"_links":{"self":[{"href":"https:\/\/zephyr.cz\/en\/wp-json\/wp\/v2\/pages\/447","targetHints":{"allow":["GET"]}}],"collection":[{"href":"https:\/\/zephyr.cz\/en\/wp-json\/wp\/v2\/pages"}],"about":[{"href":"https:\/\/zephyr.cz\/en\/wp-json\/wp\/v2\/types\/page"}],"author":[{"embeddable":true,"href":"https:\/\/zephyr.cz\/en\/wp-json\/wp\/v2\/users\/2"}],"replies":[{"embeddable":true,"href":"https:\/\/zephyr.cz\/en\/wp-json\/wp\/v2\/comments?post=447"}],"version-history":[{"count":0,"href":"https:\/\/zephyr.cz\/en\/wp-json\/wp\/v2\/pages\/447\/revisions"}],"wp:attachment":[{"href":"https:\/\/zephyr.cz\/en\/wp-json\/wp\/v2\/media?parent=447"}],"curies":[{"name":"wp","href":"https:\/\/api.w.org\/{rel}","templated":true}]}}